{"id":327,"date":"2023-07-13T13:30:27","date_gmt":"2023-07-13T13:30:27","guid":{"rendered":"https:\/\/waggonfabrik.koeln\/?page_id=327"},"modified":"2023-08-09T14:39:08","modified_gmt":"2023-08-09T14:39:08","slug":"ueber-uns","status":"publish","type":"page","link":"https:\/\/waggonfabrik.koeln\/?page_id=327","title":{"rendered":"\u00dcber Uns"},"content":{"rendered":"\t\t<div data-elementor-type=\"wp-page\" data-elementor-id=\"327\" class=\"elementor elementor-327\">\n\t\t\t\t\t\t<section class=\"elementor-section elementor-top-section elementor-element elementor-element-198f855 elementor-section-boxed elementor-section-height-default elementor-section-height-default\" data-id=\"198f855\" data-element_type=\"section\" data-e-type=\"section\">\n\t\t\t\t\t\t<div class=\"elementor-container elementor-column-gap-default\">\n\t\t\t\t\t<div class=\"elementor-column elementor-col-100 elementor-top-column elementor-element elementor-element-958f1e2\" data-id=\"958f1e2\" data-element_type=\"column\" data-e-type=\"column\">\n\t\t\t<div class=\"elementor-widget-wrap elementor-element-populated\">\n\t\t\t\t\t\t<div class=\"elementor-element elementor-element-3422ef5 elementor-widget elementor-widget-heading\" data-id=\"3422ef5\" data-element_type=\"widget\" data-e-type=\"widget\" data-widget_type=\"heading.default\">\n\t\t\t\t<div class=\"elementor-widget-container\">\n\t\t\t\t\t<h2 class=\"elementor-heading-title elementor-size-default\">\u00dcber Uns<\/h2>\t\t\t\t<\/div>\n\t\t\t\t<\/div>\n\t\t\t\t\t<\/div>\n\t\t<\/div>\n\t\t\t\t\t<\/div>\n\t\t<\/section>\n\t\t\t\t<section class=\"elementor-section elementor-top-section elementor-element elementor-element-a267829 elementor-section-boxed elementor-section-height-default elementor-section-height-default\" data-id=\"a267829\" data-element_type=\"section\" data-e-type=\"section\">\n\t\t\t\t\t\t<div class=\"elementor-container elementor-column-gap-default\">\n\t\t\t\t\t<div class=\"elementor-column elementor-col-100 elementor-top-column elementor-element elementor-element-9f30590\" data-id=\"9f30590\" data-element_type=\"column\" data-e-type=\"column\">\n\t\t\t<div class=\"elementor-widget-wrap elementor-element-populated\">\n\t\t\t\t\t\t<div class=\"elementor-element elementor-element-2c3ea66 elementor-widget elementor-widget-text-editor\" data-id=\"2c3ea66\" data-element_type=\"widget\" data-e-type=\"widget\" data-widget_type=\"text-editor.default\">\n\t\t\t\t<div class=\"elementor-widget-container\">\n\t\t\t\t\t\t\t\t\t<p style=\"text-align: center;\"><span style=\"font-family: var( --e-global-typography-text-font-family ), Sans-serif; font-weight: var( --e-global-typography-text-font-weight );\">Inmitten des pulsierenden Herzschlags unserer lebendigen Stadt steht unsere einzigartige Veranstaltungs-Location, die Gastfreundschaft, Kreativit\u00e4t und kulturelle Vielfalt zelebriert. Unsere T\u00fcren stehen jedem offen, der nach einem Ort sucht, an dem Kulturen verschmelzen und Grenzen verschwinden.&nbsp;<\/span><br><\/p>\t\t\t\t\t\t\t\t<\/div>\n\t\t\t\t<\/div>\n\t\t\t\t\t<\/div>\n\t\t<\/div>\n\t\t\t\t\t<\/div>\n\t\t<\/section>\n\t\t\t\t<section class=\"elementor-section elementor-top-section elementor-element elementor-element-8548565 elementor-section-boxed elementor-section-height-default elementor-section-height-default\" data-id=\"8548565\" data-element_type=\"section\" data-e-type=\"section\">\n\t\t\t\t\t\t<div class=\"elementor-container elementor-column-gap-default\">\n\t\t\t\t\t<div class=\"elementor-column elementor-col-100 elementor-top-column elementor-element elementor-element-3b3bd32\" data-id=\"3b3bd32\" data-element_type=\"column\" data-e-type=\"column\">\n\t\t\t<div class=\"elementor-widget-wrap elementor-element-populated\">\n\t\t\t\t\t\t<div class=\"elementor-element elementor-element-25d8469 elementor-widget elementor-widget-image\" data-id=\"25d8469\" data-element_type=\"widget\" data-e-type=\"widget\" data-widget_type=\"image.default\">\n\t\t\t\t<div class=\"elementor-widget-container\">\n\t\t\t\t\t\t\t\t\t\t\t\t\t\t\t<img fetchpriority=\"high\" decoding=\"async\" width=\"2560\" height=\"1707\" src=\"https:\/\/waggonfabrik.koeln\/wp-content\/uploads\/2023\/07\/IMG_9894-scaled.jpg\" class=\"attachment-full size-full wp-image-259\" alt=\"\" srcset=\"https:\/\/waggonfabrik.koeln\/wp-content\/uploads\/2023\/07\/IMG_9894-scaled.jpg 2560w, https:\/\/waggonfabrik.koeln\/wp-content\/uploads\/2023\/07\/IMG_9894-300x200.jpg 300w, https:\/\/waggonfabrik.koeln\/wp-content\/uploads\/2023\/07\/IMG_9894-1024x683.jpg 1024w, https:\/\/waggonfabrik.koeln\/wp-content\/uploads\/2023\/07\/IMG_9894-768x512.jpg 768w, https:\/\/waggonfabrik.koeln\/wp-content\/uploads\/2023\/07\/IMG_9894-1536x1024.jpg 1536w, https:\/\/waggonfabrik.koeln\/wp-content\/uploads\/2023\/07\/IMG_9894-2048x1365.jpg 2048w, https:\/\/waggonfabrik.koeln\/wp-content\/uploads\/2023\/07\/IMG_9894-1000x667.jpg 1000w, https:\/\/waggonfabrik.koeln\/wp-content\/uploads\/2023\/07\/IMG_9894-230x153.jpg 230w, https:\/\/waggonfabrik.koeln\/wp-content\/uploads\/2023\/07\/IMG_9894-350x233.jpg 350w, https:\/\/waggonfabrik.koeln\/wp-content\/uploads\/2023\/07\/IMG_9894-480x320.jpg 480w\" sizes=\"(max-width: 2560px) 100vw, 2560px\" \/>\t\t\t\t\t\t\t\t\t\t\t\t\t\t\t<\/div>\n\t\t\t\t<\/div>\n\t\t\t\t\t<\/div>\n\t\t<\/div>\n\t\t\t\t\t<\/div>\n\t\t<\/section>\n\t\t\t\t<section class=\"elementor-section elementor-top-section elementor-element elementor-element-468fe76 elementor-section-boxed elementor-section-height-default elementor-section-height-default\" data-id=\"468fe76\" data-element_type=\"section\" data-e-type=\"section\">\n\t\t\t\t\t\t<div class=\"elementor-container elementor-column-gap-default\">\n\t\t\t\t\t<div class=\"elementor-column elementor-col-100 elementor-top-column elementor-element elementor-element-39d0941\" data-id=\"39d0941\" data-element_type=\"column\" data-e-type=\"column\">\n\t\t\t<div class=\"elementor-widget-wrap elementor-element-populated\">\n\t\t\t\t\t\t<div class=\"elementor-element elementor-element-85ee669 elementor-widget elementor-widget-text-editor\" data-id=\"85ee669\" data-element_type=\"widget\" data-e-type=\"widget\" data-widget_type=\"text-editor.default\">\n\t\t\t\t<div class=\"elementor-widget-container\">\n\t\t\t\t\t\t\t\t\t<p style=\"text-align: center;\">Wir hei\u00dfen G\u00e4ste aus allen Ecken der Welt willkommen, denn wir glauben fest daran, dass die Vielfalt der Menschen die Quelle unserer Kreativit\u00e4t und Inspiration ist.<\/p>\t\t\t\t\t\t\t\t<\/div>\n\t\t\t\t<\/div>\n\t\t\t\t\t<\/div>\n\t\t<\/div>\n\t\t\t\t\t<\/div>\n\t\t<\/section>\n\t\t\t\t<section class=\"elementor-section elementor-top-section elementor-element elementor-element-f029b22 elementor-section-boxed elementor-section-height-default elementor-section-height-default\" data-id=\"f029b22\" data-element_type=\"section\" data-e-type=\"section\">\n\t\t\t\t\t\t<div class=\"elementor-container elementor-column-gap-default\">\n\t\t\t\t\t<div class=\"elementor-column elementor-col-100 elementor-top-column elementor-element elementor-element-63802fe\" data-id=\"63802fe\" data-element_type=\"column\" data-e-type=\"column\">\n\t\t\t<div class=\"elementor-widget-wrap elementor-element-populated\">\n\t\t\t\t\t\t<div class=\"elementor-element elementor-element-8fa3da8 elementor-widget elementor-widget-text-editor\" data-id=\"8fa3da8\" data-element_type=\"widget\" data-e-type=\"widget\" data-widget_type=\"text-editor.default\">\n\t\t\t\t<div class=\"elementor-widget-container\">\n\t\t\t\t\t\t\t\t\t<p><strong>Geschichte<\/strong><\/p>\t\t\t\t\t\t\t\t<\/div>\n\t\t\t\t<\/div>\n\t\t\t\t\t<\/div>\n\t\t<\/div>\n\t\t\t\t\t<\/div>\n\t\t<\/section>\n\t\t\t\t<section class=\"elementor-section elementor-top-section elementor-element elementor-element-8d07d81 elementor-section-boxed elementor-section-height-default elementor-section-height-default\" data-id=\"8d07d81\" data-element_type=\"section\" data-e-type=\"section\">\n\t\t\t\t\t\t<div class=\"elementor-container elementor-column-gap-default\">\n\t\t\t\t\t<div class=\"elementor-column elementor-col-100 elementor-top-column elementor-element elementor-element-051befd\" data-id=\"051befd\" data-element_type=\"column\" data-e-type=\"column\">\n\t\t\t<div class=\"elementor-widget-wrap elementor-element-populated\">\n\t\t\t\t\t\t<div class=\"elementor-element elementor-element-5b5e024 elementor-widget elementor-widget-image\" data-id=\"5b5e024\" data-element_type=\"widget\" data-e-type=\"widget\" data-widget_type=\"image.default\">\n\t\t\t\t<div class=\"elementor-widget-container\">\n\t\t\t\t\t\t\t\t\t\t\t\t\t\t\t<img decoding=\"async\" width=\"800\" height=\"491\" src=\"https:\/\/waggonfabrik.koeln\/wp-content\/uploads\/2023\/07\/fa4081.jpeg\" class=\"attachment-large size-large wp-image-432\" alt=\"\" srcset=\"https:\/\/waggonfabrik.koeln\/wp-content\/uploads\/2023\/07\/fa4081.jpeg 800w, https:\/\/waggonfabrik.koeln\/wp-content\/uploads\/2023\/07\/fa4081-300x184.jpeg 300w, https:\/\/waggonfabrik.koeln\/wp-content\/uploads\/2023\/07\/fa4081-768x471.jpeg 768w, https:\/\/waggonfabrik.koeln\/wp-content\/uploads\/2023\/07\/fa4081-230x141.jpeg 230w, https:\/\/waggonfabrik.koeln\/wp-content\/uploads\/2023\/07\/fa4081-350x215.jpeg 350w, https:\/\/waggonfabrik.koeln\/wp-content\/uploads\/2023\/07\/fa4081-480x295.jpeg 480w\" sizes=\"(max-width: 800px) 100vw, 800px\" \/>\t\t\t\t\t\t\t\t\t\t\t\t\t\t\t<\/div>\n\t\t\t\t<\/div>\n\t\t\t\t\t<\/div>\n\t\t<\/div>\n\t\t\t\t\t<\/div>\n\t\t<\/section>\n\t\t\t\t<section class=\"elementor-section elementor-top-section elementor-element elementor-element-6c08e41 elementor-section-boxed elementor-section-height-default elementor-section-height-default\" data-id=\"6c08e41\" data-element_type=\"section\" data-e-type=\"section\">\n\t\t\t\t\t\t<div class=\"elementor-container elementor-column-gap-default\">\n\t\t\t\t\t<div class=\"elementor-column elementor-col-100 elementor-top-column elementor-element elementor-element-f09b374\" data-id=\"f09b374\" data-element_type=\"column\" data-e-type=\"column\">\n\t\t\t<div class=\"elementor-widget-wrap elementor-element-populated\">\n\t\t\t\t\t\t<div class=\"elementor-element elementor-element-56b1430 elementor-widget elementor-widget-text-editor\" data-id=\"56b1430\" data-element_type=\"widget\" data-e-type=\"widget\" data-widget_type=\"text-editor.default\">\n\t\t\t\t<div class=\"elementor-widget-container\">\n\t\t\t\t\t\t\t\t\t<p>In unserer faszinierenden Veranstaltungs-Location verbindet sich die fesselnde Geschichte vergangener Zeiten mit der pulsierenden Energie der Gegenwart.\u00a0<\/p>\t\t\t\t\t\t\t\t<\/div>\n\t\t\t\t<\/div>\n\t\t\t\t\t<\/div>\n\t\t<\/div>\n\t\t\t\t\t<\/div>\n\t\t<\/section>\n\t\t\t\t<section class=\"elementor-section elementor-top-section elementor-element elementor-element-2903645 elementor-section-boxed elementor-section-height-default elementor-section-height-default\" data-id=\"2903645\" data-element_type=\"section\" data-e-type=\"section\">\n\t\t\t\t\t\t<div class=\"elementor-container elementor-column-gap-default\">\n\t\t\t\t\t<div class=\"elementor-column elementor-col-100 elementor-top-column elementor-element elementor-element-2a0499e\" data-id=\"2a0499e\" data-element_type=\"column\" data-e-type=\"column\">\n\t\t\t<div class=\"elementor-widget-wrap elementor-element-populated\">\n\t\t\t\t\t\t<div class=\"elementor-element elementor-element-6bf7373 elementor-widget elementor-widget-text-editor\" data-id=\"6bf7373\" data-element_type=\"widget\" data-e-type=\"widget\" data-widget_type=\"text-editor.default\">\n\t\t\t\t<div class=\"elementor-widget-container\">\n\t\t\t\t\t\t\t\t\t<p style=\"text-align: center;\">1866 wurde an dieser Stelle die Waggon\u00adfabrik P. Herbrand &amp; Cie. gegr\u00fcndet. Herbrand &amp; Cie. baute G\u00fcter-, Personen- und Stra\u00dfenbahnwagen, die von hier direkt auf die Schiene gebracht wurden und das moderne Reisen revolutionierten.<\/p><p style=\"text-align: center;\">Die stolze Tradition der Eisenbahnherstellung hat dieser Location ihren Namen verliehen \u2013 &#8222;<strong>WAGGONFABRIK<\/strong>&#8222;.<br><\/p>\t\t\t\t\t\t\t\t<\/div>\n\t\t\t\t<\/div>\n\t\t\t\t\t<\/div>\n\t\t<\/div>\n\t\t\t\t\t<\/div>\n\t\t<\/section>\n\t\t\t\t<section class=\"elementor-section elementor-top-section elementor-element elementor-element-51dd107 elementor-section-boxed elementor-section-height-default elementor-section-height-default\" data-id=\"51dd107\" data-element_type=\"section\" data-e-type=\"section\">\n\t\t\t\t\t\t<div class=\"elementor-container elementor-column-gap-default\">\n\t\t\t\t\t<div class=\"elementor-column elementor-col-100 elementor-top-column elementor-element elementor-element-04a888c\" data-id=\"04a888c\" data-element_type=\"column\" data-e-type=\"column\">\n\t\t\t<div class=\"elementor-widget-wrap elementor-element-populated\">\n\t\t\t\t\t\t<div class=\"elementor-element elementor-element-18f8ee7 elementor-widget elementor-widget-image\" data-id=\"18f8ee7\" data-element_type=\"widget\" data-e-type=\"widget\" data-widget_type=\"image.default\">\n\t\t\t\t<div class=\"elementor-widget-container\">\n\t\t\t\t\t\t\t\t\t\t\t\t\t\t\t<img decoding=\"async\" width=\"1024\" height=\"683\" src=\"https:\/\/waggonfabrik.koeln\/wp-content\/uploads\/2023\/07\/IMG_9505-1024x683.jpg\" class=\"attachment-large size-large wp-image-235\" alt=\"\" srcset=\"https:\/\/waggonfabrik.koeln\/wp-content\/uploads\/2023\/07\/IMG_9505-1024x683.jpg 1024w, https:\/\/waggonfabrik.koeln\/wp-content\/uploads\/2023\/07\/IMG_9505-300x200.jpg 300w, https:\/\/waggonfabrik.koeln\/wp-content\/uploads\/2023\/07\/IMG_9505-768x512.jpg 768w, https:\/\/waggonfabrik.koeln\/wp-content\/uploads\/2023\/07\/IMG_9505-1536x1024.jpg 1536w, https:\/\/waggonfabrik.koeln\/wp-content\/uploads\/2023\/07\/IMG_9505-2048x1365.jpg 2048w, https:\/\/waggonfabrik.koeln\/wp-content\/uploads\/2023\/07\/IMG_9505-1000x667.jpg 1000w, https:\/\/waggonfabrik.koeln\/wp-content\/uploads\/2023\/07\/IMG_9505-230x153.jpg 230w, https:\/\/waggonfabrik.koeln\/wp-content\/uploads\/2023\/07\/IMG_9505-350x233.jpg 350w, https:\/\/waggonfabrik.koeln\/wp-content\/uploads\/2023\/07\/IMG_9505-480x320.jpg 480w\" sizes=\"(max-width: 1024px) 100vw, 1024px\" \/>\t\t\t\t\t\t\t\t\t\t\t\t\t\t\t<\/div>\n\t\t\t\t<\/div>\n\t\t\t\t\t<\/div>\n\t\t<\/div>\n\t\t\t\t\t<\/div>\n\t\t<\/section>\n\t\t\t\t<section class=\"elementor-section elementor-top-section elementor-element elementor-element-177bbcf elementor-section-boxed elementor-section-height-default elementor-section-height-default\" data-id=\"177bbcf\" data-element_type=\"section\" data-e-type=\"section\">\n\t\t\t\t\t\t<div class=\"elementor-container elementor-column-gap-default\">\n\t\t\t\t\t<div class=\"elementor-column elementor-col-100 elementor-top-column elementor-element elementor-element-395130f\" data-id=\"395130f\" data-element_type=\"column\" data-e-type=\"column\">\n\t\t\t<div class=\"elementor-widget-wrap elementor-element-populated\">\n\t\t\t\t\t\t<div class=\"elementor-element elementor-element-1e8cc8b elementor-widget elementor-widget-text-editor\" data-id=\"1e8cc8b\" data-element_type=\"widget\" data-e-type=\"widget\" data-widget_type=\"text-editor.default\">\n\t\t\t\t<div class=\"elementor-widget-container\">\n\t\t\t\t\t\t\t\t\t<p style=\"text-align: center;\"><strong><span style=\"color: #ffffff;\">Heute steht dort eine der besten Party und Event Locations in K\u00f6ln mit einer gro\u00dfen Halle, die \u00fcber 600 \u33a1 Innenfl\u00e4che verf\u00fcgt und eine 200\u33a1 gro\u00dfe Au\u00dfenterrasse, die \u00fcberdacht werden kann. Somit kann wetterunabh\u00e4ngig ein einwandfreies Erlebnis f\u00fcr jeden Anlass garantiert werden.<\/span><\/strong><\/p>\t\t\t\t\t\t\t\t<\/div>\n\t\t\t\t<\/div>\n\t\t\t\t\t<\/div>\n\t\t<\/div>\n\t\t\t\t\t<\/div>\n\t\t<\/section>\n\t\t\t\t<section class=\"elementor-section elementor-top-section elementor-element elementor-element-e5e032e elementor-section-boxed elementor-section-height-default elementor-section-height-default\" data-id=\"e5e032e\" data-element_type=\"section\" data-e-type=\"section\">\n\t\t\t\t\t\t<div class=\"elementor-container elementor-column-gap-default\">\n\t\t\t\t\t<div class=\"elementor-column elementor-col-100 elementor-top-column elementor-element elementor-element-9bb6c24\" data-id=\"9bb6c24\" data-element_type=\"column\" data-e-type=\"column\">\n\t\t\t<div class=\"elementor-widget-wrap elementor-element-populated\">\n\t\t\t\t\t\t<div class=\"elementor-element elementor-element-50da986 elementor-widget elementor-widget-image\" data-id=\"50da986\" data-element_type=\"widget\" data-e-type=\"widget\" data-widget_type=\"image.default\">\n\t\t\t\t<div class=\"elementor-widget-container\">\n\t\t\t\t\t\t\t\t\t\t\t\t\t\t\t<img loading=\"lazy\" decoding=\"async\" width=\"1024\" height=\"683\" src=\"https:\/\/waggonfabrik.koeln\/wp-content\/uploads\/2023\/07\/IMG_9719-1024x683.jpg\" class=\"attachment-large size-large wp-image-253\" alt=\"\" srcset=\"https:\/\/waggonfabrik.koeln\/wp-content\/uploads\/2023\/07\/IMG_9719-1024x683.jpg 1024w, https:\/\/waggonfabrik.koeln\/wp-content\/uploads\/2023\/07\/IMG_9719-300x200.jpg 300w, https:\/\/waggonfabrik.koeln\/wp-content\/uploads\/2023\/07\/IMG_9719-768x512.jpg 768w, https:\/\/waggonfabrik.koeln\/wp-content\/uploads\/2023\/07\/IMG_9719-1536x1024.jpg 1536w, https:\/\/waggonfabrik.koeln\/wp-content\/uploads\/2023\/07\/IMG_9719-2048x1365.jpg 2048w, https:\/\/waggonfabrik.koeln\/wp-content\/uploads\/2023\/07\/IMG_9719-1000x667.jpg 1000w, https:\/\/waggonfabrik.koeln\/wp-content\/uploads\/2023\/07\/IMG_9719-230x153.jpg 230w, https:\/\/waggonfabrik.koeln\/wp-content\/uploads\/2023\/07\/IMG_9719-350x233.jpg 350w, https:\/\/waggonfabrik.koeln\/wp-content\/uploads\/2023\/07\/IMG_9719-480x320.jpg 480w\" sizes=\"(max-width: 1024px) 100vw, 1024px\" \/>\t\t\t\t\t\t\t\t\t\t\t\t\t\t\t<\/div>\n\t\t\t\t<\/div>\n\t\t\t\t\t<\/div>\n\t\t<\/div>\n\t\t\t\t\t<\/div>\n\t\t<\/section>\n\t\t\t\t<\/div>\n\t\t","protected":false},"excerpt":{"rendered":"<p>\u00dcber Uns Inmitten des pulsierenden Herzschlags unserer lebendigen Stadt steht unsere einzigartige Veranstaltungs-Location, die Gastfreundschaft, Kreativit\u00e4t und kulturelle Vielfalt zelebriert. Unsere T\u00fcren [&hellip;]<\/p>\n","protected":false},"author":6,"featured_media":0,"parent":0,"menu_order":0,"comment_status":"closed","ping_status":"closed","template":"","meta":{"footnotes":""},"class_list":["post-327","page","type-page","status-publish","hentry"],"_links":{"self":[{"href":"https:\/\/waggonfabrik.koeln\/index.php?rest_route=\/wp\/v2\/pages\/327","targetHints":{"allow":["GET"]}}],"collection":[{"href":"https:\/\/waggonfabrik.koeln\/index.php?rest_route=\/wp\/v2\/pages"}],"about":[{"href":"https:\/\/waggonfabrik.koeln\/index.php?rest_route=\/wp\/v2\/types\/page"}],"author":[{"embeddable":true,"href":"https:\/\/waggonfabrik.koeln\/index.php?rest_route=\/wp\/v2\/users\/6"}],"replies":[{"embeddable":true,"href":"https:\/\/waggonfabrik.koeln\/index.php?rest_route=%2Fwp%2Fv2%2Fcomments&post=327"}],"version-history":[{"count":28,"href":"https:\/\/waggonfabrik.koeln\/index.php?rest_route=\/wp\/v2\/pages\/327\/revisions"}],"predecessor-version":[{"id":598,"href":"https:\/\/waggonfabrik.koeln\/index.php?rest_route=\/wp\/v2\/pages\/327\/revisions\/598"}],"wp:attachment":[{"href":"https:\/\/waggonfabrik.koeln\/index.php?rest_route=%2Fwp%2Fv2%2Fmedia&parent=327"}],"curies":[{"name":"wp","href":"https:\/\/api.w.org\/{rel}","templated":true}]}}